{"id":14345,"date":"2023-09-24T23:14:49","date_gmt":"2023-09-25T04:14:49","guid":{"rendered":"https:\/\/tunkku.com\/?post_type=product&#038;p=14345"},"modified":"2024-03-13T00:10:05","modified_gmt":"2024-03-13T05:10:05","slug":"chia","status":"publish","type":"product","link":"https:\/\/tunkku.com\/index.php\/product\/chia\/","title":{"rendered":"CHIA"},"content":{"rendered":"<p>La ch\u00eda es una planta herb\u00e1cea nativa de Am\u00e9rica Central y M\u00e9xico que ha ganado popularidad en todo el mundo debido a sus beneficios para la salud y su versatilidad en la cocina. La parte m\u00e1s conocida y consumida de la planta son las semillas de ch\u00eda, que son peque\u00f1as y de color oscuro, generalmente marr\u00f3n o negro. Estas semillas se han convertido en un superalimento debido a su perfil nutricional.Las semillas de ch\u00eda son ricas en fibra soluble, lo que ayuda a mejorar la digesti\u00f3n, mantener niveles saludables de az\u00facar en sangre y promover la sensaci\u00f3n de saciedad, lo que puede ayudar en la p\u00e9rdida de peso.Consumir ch\u00eda puede ayudar a estabilizar los niveles de az\u00facar en sangre debido a su contenido de fibra y su capacidad para formar un gel cuando se mezcla con l\u00edquidos, lo que retarda la absorci\u00f3n de carbohidratos.<\/p>\n","protected":false},"excerpt":{"rendered":"<p>La ch\u00eda es una planta herb\u00e1cea nativa de Am\u00e9rica Central y M\u00e9xico que ha ganado popularidad en todo el mundo<\/p>\n","protected":false},"featured_media":14346,"comment_status":"open","ping_status":"closed","template":"","meta":[],"product_brand":[],"product_cat":[193],"product_tag":[271],"class_list":{"0":"post-14345","1":"product","2":"type-product","3":"status-publish","4":"has-post-thumbnail","6":"product_cat-semillas","7":"product_tag-chia","9":"first","10":"instock","11":"shipping-taxable","12":"purchasable","13":"product-type-variable"},"_links":{"self":[{"href":"https:\/\/tunkku.com\/index.php\/wp-json\/wp\/v2\/product\/14345","targetHints":{"allow":["GET"]}}],"collection":[{"href":"https:\/\/tunkku.com\/index.php\/wp-json\/wp\/v2\/product"}],"about":[{"href":"https:\/\/tunkku.com\/index.php\/wp-json\/wp\/v2\/types\/product"}],"replies":[{"embeddable":true,"href":"https:\/\/tunkku.com\/index.php\/wp-json\/wp\/v2\/comments?post=14345"}],"version-history":[{"count":1,"href":"https:\/\/tunkku.com\/index.php\/wp-json\/wp\/v2\/product\/14345\/revisions"}],"predecessor-version":[{"id":14350,"href":"https:\/\/tunkku.com\/index.php\/wp-json\/wp\/v2\/product\/14345\/revisions\/14350"}],"wp:featuredmedia":[{"embeddable":true,"href":"https:\/\/tunkku.com\/index.php\/wp-json\/wp\/v2\/media\/14346"}],"wp:attachment":[{"href":"https:\/\/tunkku.com\/index.php\/wp-json\/wp\/v2\/media?parent=14345"}],"wp:term":[{"taxonomy":"product_brand","embeddable":true,"href":"https:\/\/tunkku.com\/index.php\/wp-json\/wp\/v2\/product_brand?post=14345"},{"taxonomy":"product_cat","embeddable":true,"href":"https:\/\/tunkku.com\/index.php\/wp-json\/wp\/v2\/product_cat?post=14345"},{"taxonomy":"product_tag","embeddable":true,"href":"https:\/\/tunkku.com\/index.php\/wp-json\/wp\/v2\/product_tag?post=14345"}],"curies":[{"name":"wp","href":"https:\/\/api.w.org\/{rel}","templated":true}]}}