{"id":14253,"date":"2023-09-08T00:13:57","date_gmt":"2023-09-08T05:13:57","guid":{"rendered":"https:\/\/tunkku.com\/?post_type=product&#038;p=14253"},"modified":"2023-09-08T00:14:03","modified_gmt":"2023-09-08T05:14:03","slug":"bolas-de-kiwicha","status":"publish","type":"product","link":"https:\/\/tunkku.com\/index.php\/product\/bolas-de-kiwicha\/","title":{"rendered":"BOLAS DE KIWICHA"},"content":{"rendered":"<p>Las bolas de kiwicha son un delicioso y saludable bocadillo elaborado a partir de semillas de kiwicha, tambi\u00e9n conocida como amaranto. Estas peque\u00f1as esferas son una opci\u00f3n de snack sabrosa y nutritiva que combina sabor y beneficios para la salud.Las bolas de kiwicha son una excelente fuente de prote\u00ednas, fibra, vitaminas y minerales. Son especialmente conocidas por su alto contenido de prote\u00ednas de alta calidad, lo que las convierte en un excelente snack para mantener la energ\u00eda durante el d\u00eda.<\/p>\n","protected":false},"excerpt":{"rendered":"<p>Las bolas de kiwicha son un delicioso y saludable bocadillo elaborado a partir de semillas de kiwicha, tambi\u00e9n conocida como<\/p>\n","protected":false},"featured_media":14254,"comment_status":"open","ping_status":"closed","template":"","meta":[],"product_brand":[],"product_cat":[194],"product_tag":[259],"class_list":{"0":"post-14253","1":"product","2":"type-product","3":"status-publish","4":"has-post-thumbnail","6":"product_cat-confiteria","7":"product_tag-bolas-de-kiwicha","9":"first","10":"instock","11":"shipping-taxable","12":"purchasable","13":"product-type-variable"},"_links":{"self":[{"href":"https:\/\/tunkku.com\/index.php\/wp-json\/wp\/v2\/product\/14253","targetHints":{"allow":["GET"]}}],"collection":[{"href":"https:\/\/tunkku.com\/index.php\/wp-json\/wp\/v2\/product"}],"about":[{"href":"https:\/\/tunkku.com\/index.php\/wp-json\/wp\/v2\/types\/product"}],"replies":[{"embeddable":true,"href":"https:\/\/tunkku.com\/index.php\/wp-json\/wp\/v2\/comments?post=14253"}],"version-history":[{"count":1,"href":"https:\/\/tunkku.com\/index.php\/wp-json\/wp\/v2\/product\/14253\/revisions"}],"predecessor-version":[{"id":14259,"href":"https:\/\/tunkku.com\/index.php\/wp-json\/wp\/v2\/product\/14253\/revisions\/14259"}],"wp:featuredmedia":[{"embeddable":true,"href":"https:\/\/tunkku.com\/index.php\/wp-json\/wp\/v2\/media\/14254"}],"wp:attachment":[{"href":"https:\/\/tunkku.com\/index.php\/wp-json\/wp\/v2\/media?parent=14253"}],"wp:term":[{"taxonomy":"product_brand","embeddable":true,"href":"https:\/\/tunkku.com\/index.php\/wp-json\/wp\/v2\/product_brand?post=14253"},{"taxonomy":"product_cat","embeddable":true,"href":"https:\/\/tunkku.com\/index.php\/wp-json\/wp\/v2\/product_cat?post=14253"},{"taxonomy":"product_tag","embeddable":true,"href":"https:\/\/tunkku.com\/index.php\/wp-json\/wp\/v2\/product_tag?post=14253"}],"curies":[{"name":"wp","href":"https:\/\/api.w.org\/{rel}","templated":true}]}}