{"id":14230,"date":"2023-09-06T00:58:00","date_gmt":"2023-09-06T05:58:00","guid":{"rendered":"https:\/\/tunkku.com\/?post_type=product&#038;p=14230"},"modified":"2025-12-15T03:45:38","modified_gmt":"2025-12-15T08:45:38","slug":"chifle-dulce","status":"publish","type":"product","link":"https:\/\/tunkku.com\/index.php\/product\/chifle-dulce\/","title":{"rendered":"CHIFLE DULCE"},"content":{"rendered":"<p>El \u00abchifle dulce\u00bb es un t\u00e9rmino que se utiliza para describir un aperitivo o snack tradicional en algunos pa\u00edses de Am\u00e9rica Latina. A diferencia del \u00abchifle salado,\u00bb que se sazona con sal y es crujiente, el \u00abchifle dulce\u00bb se elabora a partir de pl\u00e1tanos maduros o bananas, y se endulza con az\u00facar.El chifle dulce es un aperitivo tradicional de Am\u00e9rica Latina, especialmente popular en pa\u00edses como Per\u00fa,Ecuador, Colombia. Se prepara utilizando pl\u00e1tanos maduros o bananas, que se cortan en rodajas finas y se cocinan hasta que est\u00e9n doradas y caramelizadas. Luego, se endulzan con az\u00facar, lo que le da su caracter\u00edstico sabor dulce y su textura crujiente.<\/p>\n","protected":false},"excerpt":{"rendered":"<p>El \u00abchifle dulce\u00bb es un t\u00e9rmino que se utiliza para describir un aperitivo o snack tradicional en algunos pa\u00edses de<\/p>\n","protected":false},"featured_media":14237,"comment_status":"open","ping_status":"closed","template":"","meta":[],"product_brand":[],"product_cat":[194],"product_tag":[256],"class_list":{"0":"post-14230","1":"product","2":"type-product","3":"status-publish","4":"has-post-thumbnail","6":"product_cat-confiteria","7":"product_tag-chifle-dulce","9":"first","10":"instock","11":"shipping-taxable","12":"purchasable","13":"product-type-variable"},"_links":{"self":[{"href":"https:\/\/tunkku.com\/index.php\/wp-json\/wp\/v2\/product\/14230","targetHints":{"allow":["GET"]}}],"collection":[{"href":"https:\/\/tunkku.com\/index.php\/wp-json\/wp\/v2\/product"}],"about":[{"href":"https:\/\/tunkku.com\/index.php\/wp-json\/wp\/v2\/types\/product"}],"replies":[{"embeddable":true,"href":"https:\/\/tunkku.com\/index.php\/wp-json\/wp\/v2\/comments?post=14230"}],"version-history":[{"count":1,"href":"https:\/\/tunkku.com\/index.php\/wp-json\/wp\/v2\/product\/14230\/revisions"}],"predecessor-version":[{"id":14236,"href":"https:\/\/tunkku.com\/index.php\/wp-json\/wp\/v2\/product\/14230\/revisions\/14236"}],"wp:featuredmedia":[{"embeddable":true,"href":"https:\/\/tunkku.com\/index.php\/wp-json\/wp\/v2\/media\/14237"}],"wp:attachment":[{"href":"https:\/\/tunkku.com\/index.php\/wp-json\/wp\/v2\/media?parent=14230"}],"wp:term":[{"taxonomy":"product_brand","embeddable":true,"href":"https:\/\/tunkku.com\/index.php\/wp-json\/wp\/v2\/product_brand?post=14230"},{"taxonomy":"product_cat","embeddable":true,"href":"https:\/\/tunkku.com\/index.php\/wp-json\/wp\/v2\/product_cat?post=14230"},{"taxonomy":"product_tag","embeddable":true,"href":"https:\/\/tunkku.com\/index.php\/wp-json\/wp\/v2\/product_tag?post=14230"}],"curies":[{"name":"wp","href":"https:\/\/api.w.org\/{rel}","templated":true}]}}