{"id":14223,"date":"2023-09-06T00:45:12","date_gmt":"2023-09-06T05:45:12","guid":{"rendered":"https:\/\/tunkku.com\/?post_type=product&#038;p=14223"},"modified":"2025-12-15T03:43:58","modified_gmt":"2025-12-15T08:43:58","slug":"chifle-salado","status":"publish","type":"product","link":"https:\/\/tunkku.com\/index.php\/product\/chifle-salado\/","title":{"rendered":"CHIFLE SALADO"},"content":{"rendered":"<p>El Chifle salado es un delicioso snack originario de Am\u00e9rica Latina, espec\u00edficamente en Per\u00fa. Se elabora a partir de pl\u00e1tanos verdes o bananas, que se cortan en rodajas finas y se fr\u00eden hasta que adquieren una textura crujiente. El chifle salado se sazona con sal u otros condimentos, lo que le da su sabor caracter\u00edstico y su toque salado. Es un aperitivo popular y apreciado por su sabor y textura \u00fanicos.<\/p>\n","protected":false},"excerpt":{"rendered":"<p>El Chifle salado es un delicioso snack originario de Am\u00e9rica Latina, espec\u00edficamente en Per\u00fa. Se elabora a partir de pl\u00e1tanos<\/p>\n","protected":false},"featured_media":14224,"comment_status":"open","ping_status":"closed","template":"","meta":[],"product_brand":[],"product_cat":[194],"product_tag":[255],"class_list":{"0":"post-14223","1":"product","2":"type-product","3":"status-publish","4":"has-post-thumbnail","6":"product_cat-confiteria","7":"product_tag-chifle-salado","9":"first","10":"instock","11":"shipping-taxable","12":"purchasable","13":"product-type-variable"},"_links":{"self":[{"href":"https:\/\/tunkku.com\/index.php\/wp-json\/wp\/v2\/product\/14223","targetHints":{"allow":["GET"]}}],"collection":[{"href":"https:\/\/tunkku.com\/index.php\/wp-json\/wp\/v2\/product"}],"about":[{"href":"https:\/\/tunkku.com\/index.php\/wp-json\/wp\/v2\/types\/product"}],"replies":[{"embeddable":true,"href":"https:\/\/tunkku.com\/index.php\/wp-json\/wp\/v2\/comments?post=14223"}],"version-history":[{"count":1,"href":"https:\/\/tunkku.com\/index.php\/wp-json\/wp\/v2\/product\/14223\/revisions"}],"predecessor-version":[{"id":14229,"href":"https:\/\/tunkku.com\/index.php\/wp-json\/wp\/v2\/product\/14223\/revisions\/14229"}],"wp:featuredmedia":[{"embeddable":true,"href":"https:\/\/tunkku.com\/index.php\/wp-json\/wp\/v2\/media\/14224"}],"wp:attachment":[{"href":"https:\/\/tunkku.com\/index.php\/wp-json\/wp\/v2\/media?parent=14223"}],"wp:term":[{"taxonomy":"product_brand","embeddable":true,"href":"https:\/\/tunkku.com\/index.php\/wp-json\/wp\/v2\/product_brand?post=14223"},{"taxonomy":"product_cat","embeddable":true,"href":"https:\/\/tunkku.com\/index.php\/wp-json\/wp\/v2\/product_cat?post=14223"},{"taxonomy":"product_tag","embeddable":true,"href":"https:\/\/tunkku.com\/index.php\/wp-json\/wp\/v2\/product_tag?post=14223"}],"curies":[{"name":"wp","href":"https:\/\/api.w.org\/{rel}","templated":true}]}}