{"id":14192,"date":"2023-09-05T22:36:47","date_gmt":"2023-09-06T03:36:47","guid":{"rendered":"https:\/\/tunkku.com\/?post_type=product&#038;p=14192"},"modified":"2024-03-10T23:25:33","modified_gmt":"2024-03-11T04:25:33","slug":"cancha-chulpi","status":"publish","type":"product","link":"https:\/\/tunkku.com\/index.php\/product\/cancha-chulpi\/","title":{"rendered":"CANCHA CHULPI"},"content":{"rendered":"<p>La cancha chulpi es una variedad de ma\u00edz que se ha procesado mediante un m\u00e9todo de inflado o tostado, lo que hace que tenga un sabor crujiente y agradable.Es\u00a0rica en carbohidratos, lo que la convierte en una fuente de energ\u00eda r\u00e1pida. La cancha chulpi suele tener un contenido bajo en grasa, lo que la hace una opci\u00f3n m\u00e1s saludable en comparaci\u00f3n con otros aperitivos fritos.<\/p>\n","protected":false},"excerpt":{"rendered":"<p>La cancha chulpi es una variedad de ma\u00edz que se ha procesado mediante un m\u00e9todo de inflado o tostado, lo<\/p>\n","protected":false},"featured_media":14194,"comment_status":"open","ping_status":"closed","template":"","meta":[],"product_brand":[],"product_cat":[194],"product_tag":[251],"class_list":{"0":"post-14192","1":"product","2":"type-product","3":"status-publish","4":"has-post-thumbnail","6":"product_cat-confiteria","7":"product_tag-cancha-chulpi","9":"first","10":"instock","11":"shipping-taxable","12":"purchasable","13":"product-type-variable"},"_links":{"self":[{"href":"https:\/\/tunkku.com\/index.php\/wp-json\/wp\/v2\/product\/14192","targetHints":{"allow":["GET"]}}],"collection":[{"href":"https:\/\/tunkku.com\/index.php\/wp-json\/wp\/v2\/product"}],"about":[{"href":"https:\/\/tunkku.com\/index.php\/wp-json\/wp\/v2\/types\/product"}],"replies":[{"embeddable":true,"href":"https:\/\/tunkku.com\/index.php\/wp-json\/wp\/v2\/comments?post=14192"}],"version-history":[{"count":1,"href":"https:\/\/tunkku.com\/index.php\/wp-json\/wp\/v2\/product\/14192\/revisions"}],"predecessor-version":[{"id":14199,"href":"https:\/\/tunkku.com\/index.php\/wp-json\/wp\/v2\/product\/14192\/revisions\/14199"}],"wp:featuredmedia":[{"embeddable":true,"href":"https:\/\/tunkku.com\/index.php\/wp-json\/wp\/v2\/media\/14194"}],"wp:attachment":[{"href":"https:\/\/tunkku.com\/index.php\/wp-json\/wp\/v2\/media?parent=14192"}],"wp:term":[{"taxonomy":"product_brand","embeddable":true,"href":"https:\/\/tunkku.com\/index.php\/wp-json\/wp\/v2\/product_brand?post=14192"},{"taxonomy":"product_cat","embeddable":true,"href":"https:\/\/tunkku.com\/index.php\/wp-json\/wp\/v2\/product_cat?post=14192"},{"taxonomy":"product_tag","embeddable":true,"href":"https:\/\/tunkku.com\/index.php\/wp-json\/wp\/v2\/product_tag?post=14192"}],"curies":[{"name":"wp","href":"https:\/\/api.w.org\/{rel}","templated":true}]}}