{"id":14063,"date":"2023-08-14T00:39:09","date_gmt":"2023-08-14T05:39:09","guid":{"rendered":"https:\/\/tunkku.com\/?post_type=product&#038;p=14063"},"modified":"2026-04-05T14:09:11","modified_gmt":"2026-04-05T19:09:11","slug":"cereza-deshidratada","status":"publish","type":"product","link":"https:\/\/tunkku.com\/index.php\/product\/cereza-deshidratada\/","title":{"rendered":"CEREZA DESHIDRATADA"},"content":{"rendered":"<p>La cereza deshidratada es el resultado de un proceso meticuloso que extrae la humedad de las jugosas cerezas frescas, preservando su sabor y valor nutricional. Este proceso permite disfrutar de la deliciosa dulzura de las cerezas en una forma pr\u00e1ctica y duradera.Cada bocado de cereza deshidratada est\u00e1 cargado de antioxidantes, como las antocianinas y la vitamina C, que pueden ayudar a proteger tus c\u00e9lulas del da\u00f1o de los radicales libres y a mantener la salud en su mejor estado.Los antioxidantes presentes en las cerezas pueden ayudar a reducir el dolor muscular y el da\u00f1o despu\u00e9s del ejercicio intenso, favoreciendo la recuperaci\u00f3n muscular.<\/p>\n","protected":false},"excerpt":{"rendered":"<p>La cereza deshidratada es el resultado de un proceso meticuloso que extrae la humedad de las jugosas cerezas frescas, preservando<\/p>\n","protected":false},"featured_media":14064,"comment_status":"open","ping_status":"closed","template":"","meta":[],"product_brand":[],"product_cat":[192],"product_tag":[239],"class_list":{"0":"post-14063","1":"product","2":"type-product","3":"status-publish","4":"has-post-thumbnail","6":"product_cat-frutos-deshidratados","7":"product_tag-cereza-deshidratada","9":"first","10":"instock","11":"shipping-taxable","12":"purchasable","13":"product-type-variable"},"_links":{"self":[{"href":"https:\/\/tunkku.com\/index.php\/wp-json\/wp\/v2\/product\/14063","targetHints":{"allow":["GET"]}}],"collection":[{"href":"https:\/\/tunkku.com\/index.php\/wp-json\/wp\/v2\/product"}],"about":[{"href":"https:\/\/tunkku.com\/index.php\/wp-json\/wp\/v2\/types\/product"}],"replies":[{"embeddable":true,"href":"https:\/\/tunkku.com\/index.php\/wp-json\/wp\/v2\/comments?post=14063"}],"version-history":[{"count":1,"href":"https:\/\/tunkku.com\/index.php\/wp-json\/wp\/v2\/product\/14063\/revisions"}],"predecessor-version":[{"id":14069,"href":"https:\/\/tunkku.com\/index.php\/wp-json\/wp\/v2\/product\/14063\/revisions\/14069"}],"wp:featuredmedia":[{"embeddable":true,"href":"https:\/\/tunkku.com\/index.php\/wp-json\/wp\/v2\/media\/14064"}],"wp:attachment":[{"href":"https:\/\/tunkku.com\/index.php\/wp-json\/wp\/v2\/media?parent=14063"}],"wp:term":[{"taxonomy":"product_brand","embeddable":true,"href":"https:\/\/tunkku.com\/index.php\/wp-json\/wp\/v2\/product_brand?post=14063"},{"taxonomy":"product_cat","embeddable":true,"href":"https:\/\/tunkku.com\/index.php\/wp-json\/wp\/v2\/product_cat?post=14063"},{"taxonomy":"product_tag","embeddable":true,"href":"https:\/\/tunkku.com\/index.php\/wp-json\/wp\/v2\/product_tag?post=14063"}],"curies":[{"name":"wp","href":"https:\/\/api.w.org\/{rel}","templated":true}]}}