{"id":14020,"date":"2023-08-11T14:30:57","date_gmt":"2023-08-11T19:30:57","guid":{"rendered":"https:\/\/tunkku.com\/?post_type=product&#038;p=14020"},"modified":"2026-04-05T14:21:33","modified_gmt":"2026-04-05T19:21:33","slug":"toronja-deshidratada","status":"publish","type":"product","link":"https:\/\/tunkku.com\/index.php\/product\/toronja-deshidratada\/","title":{"rendered":"TORONJA DESHIDRATADA"},"content":{"rendered":"<p>Cada bocado de nuestra toronja deshidratada te sumerge en una explosi\u00f3n de sabor c\u00edtrico y refrescante. El proceso de deshidrataci\u00f3n concentra los jugos naturales de la toronja, brind\u00e1ndote un sabor aut\u00e9ntico en cada trozo.Mant\u00e9n un estilo de vida saludable mientras disfrutas. Nuestra toronja deshidratada retiene gran parte de las vitaminas, antioxidantes y fibra esenciales de la toronja fresca, ofreci\u00e9ndote un snack nutritivo y delicioso.Ya sea para comenzar tu d\u00eda o superar la fatiga de la tarde, la toronja deshidratada es una fuente natural de energ\u00eda gracias a sus az\u00facares naturales y nutrientes beneficiosos.<\/p>\n","protected":false},"excerpt":{"rendered":"<p>Cada bocado de nuestra toronja deshidratada te sumerge en una explosi\u00f3n de sabor c\u00edtrico y refrescante. El proceso de deshidrataci\u00f3n<\/p>\n","protected":false},"featured_media":14021,"comment_status":"open","ping_status":"closed","template":"","meta":[],"product_brand":[],"product_cat":[192],"product_tag":[233],"class_list":{"0":"post-14020","1":"product","2":"type-product","3":"status-publish","4":"has-post-thumbnail","6":"product_cat-frutos-deshidratados","7":"product_tag-toronja-deshidratada","9":"first","10":"instock","11":"shipping-taxable","12":"purchasable","13":"product-type-variable"},"_links":{"self":[{"href":"https:\/\/tunkku.com\/index.php\/wp-json\/wp\/v2\/product\/14020","targetHints":{"allow":["GET"]}}],"collection":[{"href":"https:\/\/tunkku.com\/index.php\/wp-json\/wp\/v2\/product"}],"about":[{"href":"https:\/\/tunkku.com\/index.php\/wp-json\/wp\/v2\/types\/product"}],"replies":[{"embeddable":true,"href":"https:\/\/tunkku.com\/index.php\/wp-json\/wp\/v2\/comments?post=14020"}],"version-history":[{"count":2,"href":"https:\/\/tunkku.com\/index.php\/wp-json\/wp\/v2\/product\/14020\/revisions"}],"predecessor-version":[{"id":14027,"href":"https:\/\/tunkku.com\/index.php\/wp-json\/wp\/v2\/product\/14020\/revisions\/14027"}],"wp:featuredmedia":[{"embeddable":true,"href":"https:\/\/tunkku.com\/index.php\/wp-json\/wp\/v2\/media\/14021"}],"wp:attachment":[{"href":"https:\/\/tunkku.com\/index.php\/wp-json\/wp\/v2\/media?parent=14020"}],"wp:term":[{"taxonomy":"product_brand","embeddable":true,"href":"https:\/\/tunkku.com\/index.php\/wp-json\/wp\/v2\/product_brand?post=14020"},{"taxonomy":"product_cat","embeddable":true,"href":"https:\/\/tunkku.com\/index.php\/wp-json\/wp\/v2\/product_cat?post=14020"},{"taxonomy":"product_tag","embeddable":true,"href":"https:\/\/tunkku.com\/index.php\/wp-json\/wp\/v2\/product_tag?post=14020"}],"curies":[{"name":"wp","href":"https:\/\/api.w.org\/{rel}","templated":true}]}}