{"id":14001,"date":"2023-08-11T04:07:54","date_gmt":"2023-08-11T09:07:54","guid":{"rendered":"https:\/\/tunkku.com\/?post_type=product&#038;p=14001"},"modified":"2026-04-05T14:17:18","modified_gmt":"2026-04-05T19:17:18","slug":"manzana-deshidratada","status":"publish","type":"product","link":"https:\/\/tunkku.com\/index.php\/product\/manzana-deshidratada\/","title":{"rendered":"MANZANA DESHIDRATADA"},"content":{"rendered":"<p>Las manzanas deshidratadas son frutas que han sido despojadas de la mayor parte de su contenido de agua a trav\u00e9s de t\u00e9cnicas de deshidrataci\u00f3n, como el secado al aire o el uso de deshidratadores el\u00e9ctricos. La fibra soluble presente en las manzanas deshidratadas puede ayudar a estabilizar los niveles de glucosa en sangre al retrasar la absorci\u00f3n de az\u00facares, lo que es beneficioso para el control de la diabetes y la prevenci\u00f3n de picos de az\u00facar.Las manzanas contienen antioxidantes como la vitamina C y los polifenoles, que ayudan a neutralizar los radicales libres y reducir el estr\u00e9s oxidativo, lo que puede contribuir a la prevenci\u00f3n de enfermedades cr\u00f3nicas y al envejecimiento saludable.<\/p>\n","protected":false},"excerpt":{"rendered":"<p>Las manzanas deshidratadas son frutas que han sido despojadas de la mayor parte de su contenido de agua a trav\u00e9s<\/p>\n","protected":false},"featured_media":14019,"comment_status":"open","ping_status":"closed","template":"","meta":[],"product_brand":[],"product_cat":[192],"product_tag":[231],"class_list":{"0":"post-14001","1":"product","2":"type-product","3":"status-publish","4":"has-post-thumbnail","6":"product_cat-frutos-deshidratados","7":"product_tag-manzana-deshidratada","9":"first","10":"instock","11":"shipping-taxable","12":"purchasable","13":"product-type-variable"},"_links":{"self":[{"href":"https:\/\/tunkku.com\/index.php\/wp-json\/wp\/v2\/product\/14001","targetHints":{"allow":["GET"]}}],"collection":[{"href":"https:\/\/tunkku.com\/index.php\/wp-json\/wp\/v2\/product"}],"about":[{"href":"https:\/\/tunkku.com\/index.php\/wp-json\/wp\/v2\/types\/product"}],"replies":[{"embeddable":true,"href":"https:\/\/tunkku.com\/index.php\/wp-json\/wp\/v2\/comments?post=14001"}],"version-history":[{"count":2,"href":"https:\/\/tunkku.com\/index.php\/wp-json\/wp\/v2\/product\/14001\/revisions"}],"predecessor-version":[{"id":14904,"href":"https:\/\/tunkku.com\/index.php\/wp-json\/wp\/v2\/product\/14001\/revisions\/14904"}],"wp:featuredmedia":[{"embeddable":true,"href":"https:\/\/tunkku.com\/index.php\/wp-json\/wp\/v2\/media\/14019"}],"wp:attachment":[{"href":"https:\/\/tunkku.com\/index.php\/wp-json\/wp\/v2\/media?parent=14001"}],"wp:term":[{"taxonomy":"product_brand","embeddable":true,"href":"https:\/\/tunkku.com\/index.php\/wp-json\/wp\/v2\/product_brand?post=14001"},{"taxonomy":"product_cat","embeddable":true,"href":"https:\/\/tunkku.com\/index.php\/wp-json\/wp\/v2\/product_cat?post=14001"},{"taxonomy":"product_tag","embeddable":true,"href":"https:\/\/tunkku.com\/index.php\/wp-json\/wp\/v2\/product_tag?post=14001"}],"curies":[{"name":"wp","href":"https:\/\/api.w.org\/{rel}","templated":true}]}}