{"id":13532,"date":"2023-06-26T00:05:09","date_gmt":"2023-06-26T05:05:09","guid":{"rendered":"https:\/\/tunkku.com\/?post_type=product&#038;p=13532"},"modified":"2026-04-05T13:51:09","modified_gmt":"2026-04-05T18:51:09","slug":"castana","status":"publish","type":"product","link":"https:\/\/tunkku.com\/index.php\/product\/castana\/","title":{"rendered":"CASTA\u00d1A"},"content":{"rendered":"<p>Las casta\u00f1as son frutos secos deliciosos y nutritivos que ofrecen una amplia gama de beneficios para la salud. Son una excelente fuente de carbohidratos complejos, fibra, prote\u00ednas vegetales y grasas saludables.Debido a su contenido de carbohidratos complejos y fibra, las casta\u00f1as proporcionan una liberaci\u00f3n lenta y constante de energ\u00eda.<\/p>\n","protected":false},"excerpt":{"rendered":"<p>Las casta\u00f1as son frutos secos deliciosos y nutritivos que ofrecen una amplia gama de beneficios para la salud. Son una<\/p>\n","protected":false},"featured_media":14124,"comment_status":"open","ping_status":"closed","template":"","meta":[],"product_brand":[],"product_cat":[191],"product_tag":[216],"class_list":{"0":"post-13532","1":"product","2":"type-product","3":"status-publish","4":"has-post-thumbnail","6":"product_cat-frutos-secos","7":"product_tag-castana","9":"first","10":"instock","11":"shipping-taxable","12":"purchasable","13":"product-type-variable"},"_links":{"self":[{"href":"https:\/\/tunkku.com\/index.php\/wp-json\/wp\/v2\/product\/13532","targetHints":{"allow":["GET"]}}],"collection":[{"href":"https:\/\/tunkku.com\/index.php\/wp-json\/wp\/v2\/product"}],"about":[{"href":"https:\/\/tunkku.com\/index.php\/wp-json\/wp\/v2\/types\/product"}],"replies":[{"embeddable":true,"href":"https:\/\/tunkku.com\/index.php\/wp-json\/wp\/v2\/comments?post=13532"}],"version-history":[{"count":1,"href":"https:\/\/tunkku.com\/index.php\/wp-json\/wp\/v2\/product\/13532\/revisions"}],"predecessor-version":[{"id":13538,"href":"https:\/\/tunkku.com\/index.php\/wp-json\/wp\/v2\/product\/13532\/revisions\/13538"}],"wp:featuredmedia":[{"embeddable":true,"href":"https:\/\/tunkku.com\/index.php\/wp-json\/wp\/v2\/media\/14124"}],"wp:attachment":[{"href":"https:\/\/tunkku.com\/index.php\/wp-json\/wp\/v2\/media?parent=13532"}],"wp:term":[{"taxonomy":"product_brand","embeddable":true,"href":"https:\/\/tunkku.com\/index.php\/wp-json\/wp\/v2\/product_brand?post=13532"},{"taxonomy":"product_cat","embeddable":true,"href":"https:\/\/tunkku.com\/index.php\/wp-json\/wp\/v2\/product_cat?post=13532"},{"taxonomy":"product_tag","embeddable":true,"href":"https:\/\/tunkku.com\/index.php\/wp-json\/wp\/v2\/product_tag?post=13532"}],"curies":[{"name":"wp","href":"https:\/\/api.w.org\/{rel}","templated":true}]}}