{"id":13510,"date":"2023-06-25T21:13:32","date_gmt":"2023-06-26T02:13:32","guid":{"rendered":"https:\/\/tunkku.com\/?post_type=product&#038;p=13510"},"modified":"2026-04-05T13:49:34","modified_gmt":"2026-04-05T18:49:34","slug":"cashew-tostado","status":"publish","type":"product","link":"https:\/\/tunkku.com\/index.php\/product\/cashew-tostado\/","title":{"rendered":"CASHEW TOSTADO"},"content":{"rendered":"<p>Los cashews son conocidos por su forma curva y su caracter\u00edstico sabor dulce y cremoso.Despu\u00e9s de recolectarse, se procesan para eliminar la c\u00e1scara y obtener el fruto comestible que se encuentra en su interior. Los cashews son apreciados por su textura crujiente y su sabor \u00fanico, que los distingue de otros frutos secos.<\/p>\n","protected":false},"excerpt":{"rendered":"<p>Los cashews son conocidos por su forma curva y su caracter\u00edstico sabor dulce y cremoso.Despu\u00e9s de recolectarse, se procesan para<\/p>\n","protected":false},"featured_media":14122,"comment_status":"open","ping_status":"closed","template":"","meta":[],"product_brand":[],"product_cat":[191],"product_tag":[213],"class_list":{"0":"post-13510","1":"product","2":"type-product","3":"status-publish","4":"has-post-thumbnail","6":"product_cat-frutos-secos","7":"product_tag-cashew-tostado","9":"first","10":"instock","11":"shipping-taxable","12":"purchasable","13":"product-type-variable"},"_links":{"self":[{"href":"https:\/\/tunkku.com\/index.php\/wp-json\/wp\/v2\/product\/13510","targetHints":{"allow":["GET"]}}],"collection":[{"href":"https:\/\/tunkku.com\/index.php\/wp-json\/wp\/v2\/product"}],"about":[{"href":"https:\/\/tunkku.com\/index.php\/wp-json\/wp\/v2\/types\/product"}],"replies":[{"embeddable":true,"href":"https:\/\/tunkku.com\/index.php\/wp-json\/wp\/v2\/comments?post=13510"}],"version-history":[{"count":2,"href":"https:\/\/tunkku.com\/index.php\/wp-json\/wp\/v2\/product\/13510\/revisions"}],"predecessor-version":[{"id":14648,"href":"https:\/\/tunkku.com\/index.php\/wp-json\/wp\/v2\/product\/13510\/revisions\/14648"}],"wp:featuredmedia":[{"embeddable":true,"href":"https:\/\/tunkku.com\/index.php\/wp-json\/wp\/v2\/media\/14122"}],"wp:attachment":[{"href":"https:\/\/tunkku.com\/index.php\/wp-json\/wp\/v2\/media?parent=13510"}],"wp:term":[{"taxonomy":"product_brand","embeddable":true,"href":"https:\/\/tunkku.com\/index.php\/wp-json\/wp\/v2\/product_brand?post=13510"},{"taxonomy":"product_cat","embeddable":true,"href":"https:\/\/tunkku.com\/index.php\/wp-json\/wp\/v2\/product_cat?post=13510"},{"taxonomy":"product_tag","embeddable":true,"href":"https:\/\/tunkku.com\/index.php\/wp-json\/wp\/v2\/product_tag?post=13510"}],"curies":[{"name":"wp","href":"https:\/\/api.w.org\/{rel}","templated":true}]}}